{"id":8,"date":"2025-03-28T16:23:25","date_gmt":"2025-03-28T16:23:25","guid":{"rendered":"https:\/\/maenner-bewegt.ch\/?page_id=8"},"modified":"2025-08-22T19:08:40","modified_gmt":"2025-08-22T19:08:40","slug":"ueber-mich","status":"publish","type":"page","link":"https:\/\/maenner-bewegt.ch\/?page_id=8","title":{"rendered":"\u00dcber mich"},"content":{"rendered":"\n<figure class=\"wp-block-image size-large is-resized\"><img loading=\"lazy\" decoding=\"async\" width=\"768\" height=\"1024\" src=\"https:\/\/maenner-bewegt.ch\/wp-content\/uploads\/2025\/03\/883058a0530f07604-768x1024.jpg\" alt=\"\" class=\"wp-image-9\" style=\"width:136px;height:auto\" srcset=\"https:\/\/maenner-bewegt.ch\/wp-content\/uploads\/2025\/03\/883058a0530f07604-768x1024.jpg 768w, https:\/\/maenner-bewegt.ch\/wp-content\/uploads\/2025\/03\/883058a0530f07604-225x300.jpg 225w, https:\/\/maenner-bewegt.ch\/wp-content\/uploads\/2025\/03\/883058a0530f07604-1152x1536.jpg 1152w, https:\/\/maenner-bewegt.ch\/wp-content\/uploads\/2025\/03\/883058a0530f07604.jpg 1277w\" sizes=\"auto, (max-width: 768px) 100vw, 768px\" \/><\/figure>\n\n\n\n<p>Ich heisse Ernst Schatzmann und bin am 26. Dezember 1956 geboren. Ich bin verheiratet und habe zwei S\u00f6hne. Seit 2023 bin ich Grossvater.<\/p>\n\n\n\n<p>Im Kreis meiner Herkunftsfamilie durfte ich viel lernen und mich entwickeln. Die Pl\u00e4tze an dem Mittagstisch wurden besetzt durch meine Eltern, den f\u00fcnf Geschwistern, einer Grossmutter und den vielen Hausierern, die bei uns ein- und ausgingen. Mein Heranwachsen wurde stark durch den christlichen Glauben gepr\u00e4gt. Er wurde mir durch meine Eltern und den Geschichten, die mir meine Grossmuttter erz\u00e4hlt hatte, nahegebracht.<br>Bis zu meinem 18. Lebensjahr lebte ich ein traditionell gef\u00e4rbtes, christliches Leben. Ich kannte die biblischen Geschichten, ging in eine Freikirche und wusste sehr genau was recht und gut war. Vor Allem was f\u00fcr die Anderen gut w\u00e4re.<br>Ich war wie ein Arzt, der seine Ausbildung abgeschlossen hatte aber nicht praktizierte. Ich merkte, dass sich mein Glaube im Alltag nicht mit dem Glauben der Bibel deckte. In mir erwachte der Wunsch diesen Zustand zu \u00e4ndern. Ich wusste, dass Gott ein Gott der Beziehung ist, der mit mir den Alltag verbringen will.<br>Eine \u00c4nderung in meinem theoretischen Glauben geschah so, dass ich eine pers\u00f6nliche Entscheidung traf und Jesus Christus als Sohn Gottes und meinen Erretter erkannte. Ich erlaubte ihm die F\u00fchrung in meinem Leben zu \u00fcbernehmen. Als sichtbares Zeichen liess ich mich als Erwachsener taufen. So wurde ich ein Kind Gottes wie es in der Bibel steht: &#8222;Denn ihr seid alle Gottes Kinder durch den Glauben an Christus Jesus&#8220; Galater 3,26.<br>Dies heisst nun nicht, dass ich fehlerfrei durch meinen Alltag gehe und keine falsche Entscheidungen mehr treffen kann. Es heisst jedoch, dass ich versuche mit Jesus als Freund meinen Alltag zu gestalten. Was gibt es besseres als einen guten Freund bei sich zu haben, mit dem ich die Alltagsherausforderungen angehen kann.<br>Durch diesen Schritt ver\u00e4nderte sich mein Alltagsleben. Pl\u00f6tzlich wurde mir mein Umfeld und die N\u00f6te meiner Mitmenschen wichtiger. Ich versuchte mich einzubringen, was f\u00fcr mich, der doch bis dahin eher ein Einzelg\u00e4nger war, auch jetzt noch eine grosse Herausforderung ist.<br>Ich arbeitete \u00fcber 40 Jahren im Sozialbereich. Nun bin ich pensioniert.<br>Meine Erlebnisse im Alltag und der Wunsch sich mit Anderen auszutauschen, brachten mich auf die Idee eine solche Webseite zu er\u00f6ffnen.<br>Ich glaube, dass es in unserer Gesellschaft unz\u00e4hlige Einzelg\u00e4nger gibt, welche sich aus dem Alltag zur\u00fcckziehen, sich religi\u00f6s oder nicht religi\u00f6s distanziert verhalten und so das Geschenk Gottes an sie, n\u00e4mlich eine gelebte und tragf\u00e4hige Beziehung mit ihm im Alltag verpassen.<\/p>\n\n\n\n<p>Mit der M\u00f6glichkeit dieser Hompage wagen wir gemeinsame Schritte und tauschen uns \u00fcber das , was uns bewegt, aus.<br>Oder wir k\u00f6nnen uns ermutigen was sich durch die Beziehung mit Jesus in unserem Alltag bewegt.<br>Ich freue mich wenn sich viele M\u00e4nner mit mir auf den Weg machen.<br>Warum jedoch sollen auf dieser Plattform ausschliesslich M\u00e4nnern zur Sprache kommen?<br>Im Gegensatz zu den Frauen haben M\u00e4nner mehr M\u00fche sich \u00fcber ihre Gedanken, Emotionen und Schw\u00e4chen auszudr\u00fccken.<br>Auf diese Art kann man sich anonym \u00e4ussern.<br>An dieser Stelle kommt mir ein weiterer Vers in den Sinn:&#8220; Einer trage des anderen Last&#8230;&#8220;Galater 6,2<\/p>\n\n\n\n<p>Vielleicht ist es f\u00fcr Einige wichtig zu wissen, dass ich keiner Kirche oder Freikirche als Mitglied angeh\u00f6re. Ich besuche und engagiere mich in einer Freien Evangelischen Gemeinde.. Ich treffe mich mit M\u00e4nnern aus Landeskirchen, Freikirchen oder mit Solchen, die keiner Institution angeh\u00f6ren. Eines haben wir jedoch gemeinsam, n\u00e4mlich alle lieben Jesus Christus, der ihr Leben erneuert hat und sie mit Gott vers\u00f6hnt hat.<\/p>\n\n\n\n<p><\/p>\n","protected":false},"excerpt":{"rendered":"<p>Ich heisse Ernst Schatzmann und bin am 26. Dezember 1956 geboren. Ich bin verheiratet und habe zwei S\u00f6hne. Seit 2023 bin ich Grossvater. Im Kreis meiner Herkunftsfamilie durfte ich viel lernen und mich entwickeln. Die Pl\u00e4tze an dem Mittagstisch wurden &hellip; <a href=\"https:\/\/maenner-bewegt.ch\/?page_id=8\">Weiterlesen <span class=\"meta-nav\">&rarr;<\/span><\/a><\/p>\n","protected":false},"author":1,"featured_media":112,"parent":0,"menu_order":0,"comment_status":"closed","ping_status":"closed","template":"","meta":{"footnotes":""},"class_list":["post-8","page","type-page","status-publish","has-post-thumbnail","hentry"],"_links":{"self":[{"href":"https:\/\/maenner-bewegt.ch\/index.php?rest_route=\/wp\/v2\/pages\/8","targetHints":{"allow":["GET"]}}],"collection":[{"href":"https:\/\/maenner-bewegt.ch\/index.php?rest_route=\/wp\/v2\/pages"}],"about":[{"href":"https:\/\/maenner-bewegt.ch\/index.php?rest_route=\/wp\/v2\/types\/page"}],"author":[{"embeddable":true,"href":"https:\/\/maenner-bewegt.ch\/index.php?rest_route=\/wp\/v2\/users\/1"}],"replies":[{"embeddable":true,"href":"https:\/\/maenner-bewegt.ch\/index.php?rest_route=%2Fwp%2Fv2%2Fcomments&post=8"}],"version-history":[{"count":4,"href":"https:\/\/maenner-bewegt.ch\/index.php?rest_route=\/wp\/v2\/pages\/8\/revisions"}],"predecessor-version":[{"id":324,"href":"https:\/\/maenner-bewegt.ch\/index.php?rest_route=\/wp\/v2\/pages\/8\/revisions\/324"}],"wp:featuredmedia":[{"embeddable":true,"href":"https:\/\/maenner-bewegt.ch\/index.php?rest_route=\/wp\/v2\/media\/112"}],"wp:attachment":[{"href":"https:\/\/maenner-bewegt.ch\/index.php?rest_route=%2Fwp%2Fv2%2Fmedia&parent=8"}],"curies":[{"name":"wp","href":"https:\/\/api.w.org\/{rel}","templated":true}]}}