{"id":54,"date":"2025-03-29T09:06:51","date_gmt":"2025-03-29T09:06:51","guid":{"rendered":"https:\/\/maenner-bewegt.ch\/?page_id=54"},"modified":"2025-04-07T15:48:24","modified_gmt":"2025-04-07T15:48:24","slug":"maenner-bewegt","status":"publish","type":"page","link":"https:\/\/maenner-bewegt.ch\/","title":{"rendered":"M\u00e4nner bewegt __ bewegte M\u00e4nner"},"content":{"rendered":"\n<p class=\"has-black-color has-text-color has-link-color wp-elements-7d1d50dabcc5e8da0e4f80fdf86ec2ba\"><strong>Herzlich Willkommen auf der Homepage<br>M\u00e4nner bewegt<\/strong><\/p>\n\n\n\n<figure class=\"wp-block-image size-full is-resized\"><img loading=\"lazy\" decoding=\"async\" width=\"730\" height=\"1000\" src=\"https:\/\/maenner-bewegt.ch\/wp-content\/uploads\/2025\/03\/mev39005.jpg\" alt=\"Zu meinen Gef\u00fchlen stehe ich\" class=\"wp-image-55\" style=\"width:102px;height:auto\" srcset=\"https:\/\/maenner-bewegt.ch\/wp-content\/uploads\/2025\/03\/mev39005.jpg 730w, https:\/\/maenner-bewegt.ch\/wp-content\/uploads\/2025\/03\/mev39005-219x300.jpg 219w\" sizes=\"auto, (max-width: 730px) 100vw, 730px\" \/><\/figure>\n\n\n\n<p><strong>M\u00e4nner sind Macher. Sie brauchen Herausforderungen, m\u00fcssen sich bew\u00e4hren und m\u00fcssen stark sein. So sieht es wenigstens die Gesellschaft.<br>Stimmt der untenstehende Liedertext von Herbert Gr\u00f6nemeyer:<\/strong><br><br><br>M\u00e4nner haben Muskeln,<br>M\u00e4nner sind furchtbar stark,<br>M\u00e4nner k\u00f6nnen alles,<br>M\u00e4nner kriegen &#8217;nen Herzinfakt,<br>ohh M\u00e4nner sind einsame Streiter<br>m\u00fcssen durch jede Wand, m\u00fcssen immer weiter.<br><br><br>M\u00e4nner habens schwer, nehmens leicht<br>au\u00dfen hart und innen ganz weich,<br>werden als Kind schon auf Mann geeicht.<br>Wann ist ein Mann ein Mann?<br>Wann ist ein Mann ein Mann?<br>Wann ist ein Mann ein Mann???<br><br><\/p>\n\n\n\n<p><strong>Diese Plattform bietet M\u00e4nnern die M\u00f6glichkeit sich \u00fcber Herausforderungen des nat\u00fcrlichen Alltags, sowie \u00fcber ihren Glaubensalltag auszutauschen.<br>Eben \u00fcber das, was den Mann bewegt oder was der Mann bewegt. Gef\u00fchle, W\u00fcnsche, Tr\u00e4ume, Visionen usw.<\/strong><\/p>\n\n\n\n<p><strong>Das Angebot soll folgende Bed\u00fcrfnisse abdecken:<\/strong><br><\/p>\n\n\n\n<p><strong>Schwerpunkte im christlichen Glauben:<br><br><\/strong>Dieser Bereich soll die Zusammenh\u00e4nge und Verst\u00e4ndnis des christlichen Glaubens aufzeigen.<br><br><br><strong>Aktuelles Thema:<br><br><\/strong>Kann ein aktuelles, gesellschaftliches oder soziales Thema sein, das von verschiedenen Seiten beleuchtet und mit den Aussagen der Bibel verglichen wird.<br><br><br><strong>Forum:<br><br><\/strong>Sind Fragen oder Situationen, die man miteinander diskutieren will.<br><br><br><strong>Erlebnisberichte (mit Gott erlebt):<\/strong><br><br>Pers\u00f6nliche Berichte, die weitergeben, was ich in der Beziehung mit Gott im Alltag erlebt habe. Es soll M\u00e4nner ermutigen den Alltag im Glauben zu bew\u00e4ltigen.<br><br><strong><br>W\u00fcnsche Gebet ( F\u00fcrbitte)<\/strong><br><br>Es besteht die M\u00f6glichkeit, dass man Anliegen, die man alleine nicht bew\u00e4ltigen kann oder will, als Gebetsanliegen zusenden kann.<\/p>\n\n\n\n<p><\/p>\n","protected":false},"excerpt":{"rendered":"<p>Herzlich Willkommen auf der HomepageM\u00e4nner bewegt M\u00e4nner sind Macher. Sie brauchen Herausforderungen, m\u00fcssen sich bew\u00e4hren und m\u00fcssen stark sein. So sieht es wenigstens die Gesellschaft.Stimmt der untenstehende Liedertext von Herbert Gr\u00f6nemeyer: M\u00e4nner haben Muskeln,M\u00e4nner sind furchtbar stark,M\u00e4nner k\u00f6nnen alles,M\u00e4nner kriegen &hellip; <a href=\"https:\/\/maenner-bewegt.ch\/\">Weiterlesen <span class=\"meta-nav\">&rarr;<\/span><\/a><\/p>\n","protected":false},"author":1,"featured_media":120,"parent":0,"menu_order":0,"comment_status":"closed","ping_status":"closed","template":"","meta":{"footnotes":""},"class_list":["post-54","page","type-page","status-publish","has-post-thumbnail","hentry"],"_links":{"self":[{"href":"https:\/\/maenner-bewegt.ch\/index.php?rest_route=\/wp\/v2\/pages\/54","targetHints":{"allow":["GET"]}}],"collection":[{"href":"https:\/\/maenner-bewegt.ch\/index.php?rest_route=\/wp\/v2\/pages"}],"about":[{"href":"https:\/\/maenner-bewegt.ch\/index.php?rest_route=\/wp\/v2\/types\/page"}],"author":[{"embeddable":true,"href":"https:\/\/maenner-bewegt.ch\/index.php?rest_route=\/wp\/v2\/users\/1"}],"replies":[{"embeddable":true,"href":"https:\/\/maenner-bewegt.ch\/index.php?rest_route=%2Fwp%2Fv2%2Fcomments&post=54"}],"version-history":[{"count":6,"href":"https:\/\/maenner-bewegt.ch\/index.php?rest_route=\/wp\/v2\/pages\/54\/revisions"}],"predecessor-version":[{"id":140,"href":"https:\/\/maenner-bewegt.ch\/index.php?rest_route=\/wp\/v2\/pages\/54\/revisions\/140"}],"wp:featuredmedia":[{"embeddable":true,"href":"https:\/\/maenner-bewegt.ch\/index.php?rest_route=\/wp\/v2\/media\/120"}],"wp:attachment":[{"href":"https:\/\/maenner-bewegt.ch\/index.php?rest_route=%2Fwp%2Fv2%2Fmedia&parent=54"}],"curies":[{"name":"wp","href":"https:\/\/api.w.org\/{rel}","templated":true}]}}