{"id":379,"date":"2026-02-24T10:41:08","date_gmt":"2026-02-24T10:41:08","guid":{"rendered":"https:\/\/maenner-bewegt.ch\/?page_id=379"},"modified":"2026-02-24T10:45:21","modified_gmt":"2026-02-24T10:45:21","slug":"ostern-mehr-als-schokolade","status":"publish","type":"page","link":"https:\/\/maenner-bewegt.ch\/?page_id=379","title":{"rendered":"Ostern \u2013 mehr als Schokolade?"},"content":{"rendered":"\n<p>Wenn man im Februar durch die Hallen der Grossverteiler wandelt, fallen einem die vielen Gestelle mit Osterhasen, Schokoladen-Ostereier und anderen Oster-Accessoires auf. Was schon wieder Ostern? Ach nein- es geht noch etwa ein bis zwei Monate, bis das Osterfest gefeiert wird. Man k\u00f6nnte meinen, dass Ostern nur aus Schokolade besteht, \u00e4hnlich wie Weihnachten. F\u00fcr manche Menschen in der heutigen Zeit mag dies stimmen, da sie die Bedeutung von Ostern nicht wissen oder schon l\u00e4ngst vergessen haben.<\/p>\n\n\n\n<p>Ostern ist im christlichen Glauben ein Teil der Passionszeit. Darin wird an das Leben und Wirken von Jesus, dem Sohn Gottes vor seinem Kreuzestod und seiner Auferstehung am dritten Tag, gedacht. Dieses Geschehnis wurde schon vor hunderten von Jahren durch M\u00e4nner Gottes, sogenannte Propheten vorausgesagt und aufgeschrieben.<\/p>\n\n\n\n<p>Liest man die Bibel, das Wort Gottes, so sieht man, dass dieses Ereignis auch als der \u00abNeue Bund\u00bb bezeichnet wird. Gott ist seit Erschaffung der Welt mit den Menschen durch B\u00fcnde in Beziehung getreten. Durch diese B\u00fcndnisse wollte Gott den Menschen immer wieder den Zugang in seine Gegenwart schaffen. Da die Menschen einen freien Willen von Gott erhalten haben und sich immer wieder gegen eine ewige Gemeinschaft mit Gott entschieden haben, hat er den Neuen Bund geschlossen.<\/p>\n\n\n\n<p>Der Neue Bund ist der Letzte Bund, den Gott den Menschen anbietet. Darum sprach Jesus am Kreuz: &#8222;Es ist vollbracht&#8220;. Der Neue Bund ist ein sogenannter Blutsbund und wurde am Karfreitag geschlossen.<\/p>\n\n\n\n<h2 class=\"wp-block-heading\"><strong>Vor Ostern steht Karfreitag<\/strong><\/h2>\n\n\n\n<p>Ostern kann es nicht geben, wenn nicht vorher Karfreitag erfolgt ist. Das Ganze ist eine Einheit. Wie gesagt, der Neue Bund ist ein Blutsbund. Das heisst, damit er rechtskr\u00e4ftig wird, muss er mit Blut besiegelt werden. Diese Art Bund war in der alten Zeit weit verbreitet. Zwei Parteien schlossen ein B\u00fcndnis, das so wichtig war, dass sie es mit Blut eines Tieres besiegelten, was hiess, dass der, der den Bund bricht, den Tod erleiden musste.<\/p>\n\n\n\n<p>Gott und Jesus schlossen einen Bund, der den Menschen einen Zugang in die Gegenwart Gottes verschaffte und die Schuld der S\u00fcnde (siehe S\u00fcnde-Schuld-Vergebung) beglich.<\/p>\n\n\n\n<p>Kein Mensch kann diesen Bund brechen, so wie bei den anderen B\u00fcndnissen, die Gott mit Menschen gemacht hat. Denn wir Menschen sind nicht B\u00fcndnispartner, sondern k\u00f6nnen uns frei entscheiden, ob wir das Angebot Gottes annehmen m\u00f6chten und diesem Bund beitreten. Ich kann diesem Bund nicht mit eigenen Werken, wie unter anderem &#8222;gut leben&#8220;, beitreten, sondern nur durch <strong>Glauben<\/strong>, dass Jesus f\u00fcr mich die Schuld der Trennung Gottes, am Kreuz bezahlt hat.<\/p>\n\n\n\n<p>Doch am Kreuz hat Jesus nicht nur meine Schuld bezahlt, damit ich vor Gott gerecht bin und die Ewigkeit nach dem irdischen Leben mit ihm verbringen darf, sondern durch sein Leiden am Kreuz darf sich schon jetzt vieles ver\u00e4ndern. Dies nenne ich den Tausch am Kreuz, da sich bei Annahme des Angebot Gottes mein Leben aus meiner Sicht vollst\u00e4ndig ver\u00e4ndert.<\/p>\n\n\n\n<figure class=\"wp-block-image size-large\"><img loading=\"lazy\" decoding=\"async\" width=\"692\" height=\"1024\" src=\"https:\/\/maenner-bewegt.ch\/wp-content\/uploads\/2026\/02\/Tausch-am-Kreuz-2-692x1024.jpg\" alt=\"\" class=\"wp-image-382\" srcset=\"https:\/\/maenner-bewegt.ch\/wp-content\/uploads\/2026\/02\/Tausch-am-Kreuz-2-692x1024.jpg 692w, https:\/\/maenner-bewegt.ch\/wp-content\/uploads\/2026\/02\/Tausch-am-Kreuz-2-203x300.jpg 203w, https:\/\/maenner-bewegt.ch\/wp-content\/uploads\/2026\/02\/Tausch-am-Kreuz-2-768x1137.jpg 768w, https:\/\/maenner-bewegt.ch\/wp-content\/uploads\/2026\/02\/Tausch-am-Kreuz-2-1037x1536.jpg 1037w, https:\/\/maenner-bewegt.ch\/wp-content\/uploads\/2026\/02\/Tausch-am-Kreuz-2-1383x2048.jpg 1383w, https:\/\/maenner-bewegt.ch\/wp-content\/uploads\/2026\/02\/Tausch-am-Kreuz-2-scaled.jpg 1729w\" sizes=\"auto, (max-width: 692px) 100vw, 692px\" \/><\/figure>\n\n\n\n<h2 class=\"wp-block-heading\"><strong>Ostern \u2013 Siegel des Bundes<\/strong><\/h2>\n\n\n\n<p>Das Blut Jesu ist am Kreuz geflossen, er starb und der Bund steht. Doch ein Bund ist nur rechtskr\u00e4ftig, wenn beide B\u00fcndnispartner leben. Und da kommt Ostern ins Spiel, die Auferstehung Jesu. Ostern ist das Siegel des Bundes, durch die Auferstehung wird der Bund rechtskr\u00e4ftig. Ohne Auferstehung gebe es keine S\u00fcndenvergebung und Vers\u00f6hnung mit Gott. In der Bibel steht, dass viele Menschen Jesus nach der Auferstehung begegneten. Und doch ist dies der Punkt, an dem viele Menschen stehen bleiben. Sie k\u00f6nnen die Auferstehung nicht glauben.<\/p>\n\n\n\n<p>Hier schliesst sich der Kreis in der Beziehung Gottes mit den Menschen. Am Anfang stellte Gott einen Baum in den Garten Eden und verbot ihnen von den Fr\u00fcchten dieses Baumes zu essen, da sie sonst getrennt von ihm leben m\u00fcssten. Durch diese eine Bedingung konnten die Menschen ihren freien Willen \u00e4ussern, in dem sie Gottes Wort vertrauten oder nicht. Sie vertrauten nicht und wurden aus Gottes Gegenwart weggewiesen und tausende von Jahren sp\u00e4ter steht der Mensch wieder vor einem Holz des Baumes, dem Kreuz, und kann sich wieder durch seinen freien Willen entscheiden Gott und Jesus zu vertrauen und durch <strong>Glauben<\/strong> in den Neuen Bund einzutreten.<\/p>\n\n\n\n<p>Ostern ist mehr als Schokolade. Schokolade kann mir kurze Zeit ein Gl\u00fccksgef\u00fchl suggerieren, doch Ostern bringt mir eine Ewigkeit Frieden und Freude mit Gott.<\/p>\n\n\n\n<p>Wie siehst du Ostern? Es w\u00e4re sch\u00f6n, wenn eine Diskussion entstehen darf.<\/p>\n","protected":false},"excerpt":{"rendered":"<p>Wenn man im Februar durch die Hallen der Grossverteiler wandelt, fallen einem die vielen Gestelle mit Osterhasen, Schokoladen-Ostereier und anderen Oster-Accessoires auf. Was schon wieder Ostern? Ach nein- es geht noch etwa ein bis zwei Monate, bis das Osterfest gefeiert &hellip; <a href=\"https:\/\/maenner-bewegt.ch\/?page_id=379\">Weiterlesen <span class=\"meta-nav\">&rarr;<\/span><\/a><\/p>\n","protected":false},"author":1,"featured_media":380,"parent":0,"menu_order":0,"comment_status":"closed","ping_status":"closed","template":"","meta":{"footnotes":""},"class_list":["post-379","page","type-page","status-publish","has-post-thumbnail","hentry"],"_links":{"self":[{"href":"https:\/\/maenner-bewegt.ch\/index.php?rest_route=\/wp\/v2\/pages\/379","targetHints":{"allow":["GET"]}}],"collection":[{"href":"https:\/\/maenner-bewegt.ch\/index.php?rest_route=\/wp\/v2\/pages"}],"about":[{"href":"https:\/\/maenner-bewegt.ch\/index.php?rest_route=\/wp\/v2\/types\/page"}],"author":[{"embeddable":true,"href":"https:\/\/maenner-bewegt.ch\/index.php?rest_route=\/wp\/v2\/users\/1"}],"replies":[{"embeddable":true,"href":"https:\/\/maenner-bewegt.ch\/index.php?rest_route=%2Fwp%2Fv2%2Fcomments&post=379"}],"version-history":[{"count":4,"href":"https:\/\/maenner-bewegt.ch\/index.php?rest_route=\/wp\/v2\/pages\/379\/revisions"}],"predecessor-version":[{"id":387,"href":"https:\/\/maenner-bewegt.ch\/index.php?rest_route=\/wp\/v2\/pages\/379\/revisions\/387"}],"wp:featuredmedia":[{"embeddable":true,"href":"https:\/\/maenner-bewegt.ch\/index.php?rest_route=\/wp\/v2\/media\/380"}],"wp:attachment":[{"href":"https:\/\/maenner-bewegt.ch\/index.php?rest_route=%2Fwp%2Fv2%2Fmedia&parent=379"}],"curies":[{"name":"wp","href":"https:\/\/api.w.org\/{rel}","templated":true}]}}