{"id":364,"date":"2026-02-08T20:53:20","date_gmt":"2026-02-08T20:53:20","guid":{"rendered":"https:\/\/maenner-bewegt.ch\/?page_id=364"},"modified":"2026-02-08T21:16:40","modified_gmt":"2026-02-08T21:16:40","slug":"ist-faschismus-politisch-rechts","status":"publish","type":"page","link":"https:\/\/maenner-bewegt.ch\/?page_id=364","title":{"rendered":"Ist Faschismus politisch rechts?"},"content":{"rendered":"\n<p>Bevor wir uns an dieses Thema heranwagen, m\u00f6chte ich festhalten, dass die folgenden \u00dcberlegungen meinem Verst\u00e4ndnis heraus entspringen und nicht historisch genau stimmen m\u00fcssen. Jeder ist angehalten die Richtigkeit zu pr\u00fcfen.<\/p>\n\n\n\n<p>Der Begriff Faschismus gewinnt in unserer Zeit wieder vermehrt an Beachtung. Der Ausdruck \u00abFaschismus\u00bb ist ein wirkungsvolles, manipulatives Instrument, das von Parteien benutzt wird. Der Faschismus hat Wurzeln im Kolonialismus und dem Nationalsozialismus. Der Faschismus wird politisch an den rechten Rand gestellt, da im Dritten Reich in Deutschland ein H\u00f6hepunkt des Faschismus in Form des Nationalsozialismus, erreicht wurde. Der damalige Faschismus wurde vor allem von Konservativen und Nationallisten vertreten und gewaltsam im Land umgesetzt. Aus diesem Denken heraus entwickelte sich der zweite Weltkrieg, der \u00fcber 50Millionen Opfer zu beklagen hatte, darunter \u00fcber 6 Millionen j\u00fcdische M\u00e4nner, Frauen und Kinder. Nach Beendigung des Krieges hiess es nie mehr Faschismus an die Regierung kommen zu lassen.<\/p>\n\n\n\n<h2 class=\"wp-block-heading\"><strong>Was zeichnet Faschismus aus?<\/strong><\/h2>\n\n\n\n<p>Bevor ich der Frage, ist Faschismus politisch rechts, nachgehe, m\u00f6chte ich einige f\u00fcr mich wichtige Merkmale auff\u00fchren.<\/p>\n\n\n\n<ul class=\"wp-block-list\">\n<li>Der Faschismus ist Menschen verachtend, aggressiv und gewaltt\u00e4tig.<\/li>\n\n\n\n<li>Der Faschismus vertritt die Rassenlehre. Das heisst es gibt Menschen, die weniger Wert haben als andere. Kranke und behinderte Menschen haben keine Daseinsberechtigung. Es gibt eine Herrenrasse, die \u00fcber allen anderen steht. Dieses Denken kommt aus der Evolutionslehre.<\/li>\n\n\n\n<li>Der Faschismus ist gepr\u00e4gt von extremen Nationalismus in der Form: Zuerst Vaterland, dann Gott. Er kann stark vermischt sein mit fanatischer Religion (z.B. derKu Klux Klan). Was ich unter Religion verstehe, kann man unter der Seite \u00abPhilosophie\u00bb lesen.<\/li>\n\n\n\n<li>Der Faschismus ist im h\u00f6chsten Grad Antisemitisch.<\/li>\n<\/ul>\n\n\n\n<h2 class=\"wp-block-heading\"><strong>Die Zeit nach dem 2.Weltkrieg<\/strong><\/h2>\n\n\n\n<figure class=\"wp-block-image size-full is-resized\"><img loading=\"lazy\" decoding=\"async\" width=\"280\" height=\"259\" src=\"https:\/\/maenner-bewegt.ch\/wp-content\/uploads\/2026\/02\/Never-again-1.jpg\" alt=\"\" class=\"wp-image-367\" style=\"aspect-ratio:1.0769230769230769;width:99px;height:auto\"\/><\/figure>\n\n\n\n<p>Nach dem grossen Krieg boomte die Wirtschaft und die Industriestaaten wurden immer reicher. Die Schere zwischen arm und reich wurde immer gr\u00f6sser. Mit dem Kapitalismus und dem Kommunismus standen sich zwei Machtbl\u00f6cke gegen\u00fcber, die so scheint es, nicht verschiedener h\u00e4tten sein k\u00f6nnen. Bei n\u00e4herer Betrachtung f\u00e4llt auf, dass beide einen wichtigen Faktor in ihrem System auslassen, \u00abGott\u00bb.<\/p>\n\n\n\n<p>Der Kapitalismus macht die Finanzen zu seinem Gott, in dem Sinn \u00abGeld regiert die Welt\u00bb und der Kommunismus will Gott abschaffen, als ein l\u00e4stiges \u00dcberbleibsel des klerikalen Kapitalismus.<\/p>\n\n\n\n<p>In dieser Zeit des kalten Krieges bildet sich in der Politik in rechte Politik und linke Politik. Wobei sich in beiden Lagern eine politische Mitte und eine extreme Randgruppe etabliert.<\/p>\n\n\n\n<h2 class=\"wp-block-heading\"><strong>Wer sind die extremen Randgruppen?<\/strong><\/h2>\n\n\n\n<p>Die extreme Rechte<\/p>\n\n\n\n<ul class=\"wp-block-list\">\n<li>Die extreme Randgruppe im rechten Lager vertritt verbal, aggressiv und gewaltt\u00e4tig ihre \u00dcberzeugung.<\/li>\n\n\n\n<li>Sie kandiert Ausl\u00e4nder feindliche Parolen, attackiert deren Wohnheime und verschmieren Synagogen und attackieren Juden.<\/li>\n\n\n\n<li>Sie k\u00e4mpfen gegen das System des Staates, welcher sozialer Frieden und Wohlstand f\u00fcr alle w\u00fcnscht.<\/li>\n\n\n\n<li>Sie wollen die Zeit des Nationalsozialismus neu aufleben lassen.<\/li>\n<\/ul>\n\n\n\n<ul class=\"wp-block-list\">\n<li>Die extreme Randgruppe im linken Lager vertritt verbal, aggressiv und gewaltt\u00e4tig, ihre \u00dcberzeugung unter dem Deckmantel gegen den Faschismus anzugehen. Dazu bildeten sie die AntiFa.<\/li>\n\n\n\n<li>Sie kandiert feindliche Parolen gegen\u00fcber Menschen mit anderen Ansichten, attackieren deren Institutionen ( z.B. Institutionen, welche christliche Werte hochhalten, wie Ehe, Geschlecht gibt es nur Mann und Frau usw.), verschmieren Synagogen und attackieren Juden.<\/li>\n\n\n\n<li>Sie k\u00e4mpfen gegen das System des Staates, welcher f\u00fcr sie das Feindbild ist, das den Kapitalismus, widerspiegelt.<\/li>\n\n\n\n<li>Sie wollen die Zeit des radikalen Kommunismus der Sowjetunion Stalin, China Mao, Kuba Fidel Castro usw. neu aufleben lassen.<\/li>\n<\/ul>\n\n\n\n<h2 class=\"wp-block-heading\"><strong>Meine Antwort zu der Frage: Ist Faschismus politisch rechts?<\/strong><\/h2>\n\n\n\n<p>Wenn ich die beiden extremen Lager anschaue, erkenne ich schnell, dass es gar keine grundlegenden Unterschiede gibt, ausser das Ziel wie ein Staatssystem ihrer Meinung nach auszusehen hat.<\/p>\n\n\n\n<p>Ich sehe in beiden Ideologien die grundlegenden Merkmale, die ich zu Beginn f\u00fcr die Notwendigkeit des Faschismus dargelegt habe.<\/p>\n\n\n\n<p>Beide Gruppierungen sind menschenverachtend und gewaltt\u00e4tig.<\/p>\n\n\n\n<p>Die Gefahr, die ich sehe, ist die, dass man durch die Zeit des Nationalsozialismus, den Fokus auf das rechte Lager setzt und das linke Lager anders beurteilt.<\/p>\n\n\n\n<p>F\u00fcr mich ist die Antwort klar. Faschismus ist die Triebfeder der extremen Rechten, wie der extremen Linken, einfach verschieden verpackt.<\/p>\n\n\n\n<p>Als Christ muss ich anhand des Wort Gottes pr\u00fcfen, was die Politik und die Medien vermitteln und mir eine eigene Meinung bilden und mich nicht manipulieren lassen.<\/p>\n\n\n\n<p>Ich weiss, dass die Wurzeln dieses Themas noch viel tiefer gehen und hier verschiedene Aspekte wenig ber\u00fccksichtigt wurden. Doch dies w\u00fcrde diesen Rahmen sprengen.<\/p>\n\n\n\n<p>Es w\u00e4re sch\u00f6n eure Gedanken \u00fcber dieses Thema zu h\u00f6ren.<\/p>\n\n\n\n<p><\/p>\n","protected":false},"excerpt":{"rendered":"<p>Bevor wir uns an dieses Thema heranwagen, m\u00f6chte ich festhalten, dass die folgenden \u00dcberlegungen meinem Verst\u00e4ndnis heraus entspringen und nicht historisch genau stimmen m\u00fcssen. Jeder ist angehalten die Richtigkeit zu pr\u00fcfen. Der Begriff Faschismus gewinnt in unserer Zeit wieder vermehrt &hellip; <a href=\"https:\/\/maenner-bewegt.ch\/?page_id=364\">Weiterlesen <span class=\"meta-nav\">&rarr;<\/span><\/a><\/p>\n","protected":false},"author":1,"featured_media":0,"parent":0,"menu_order":0,"comment_status":"closed","ping_status":"closed","template":"","meta":{"footnotes":""},"class_list":["post-364","page","type-page","status-publish","hentry"],"_links":{"self":[{"href":"https:\/\/maenner-bewegt.ch\/index.php?rest_route=\/wp\/v2\/pages\/364","targetHints":{"allow":["GET"]}}],"collection":[{"href":"https:\/\/maenner-bewegt.ch\/index.php?rest_route=\/wp\/v2\/pages"}],"about":[{"href":"https:\/\/maenner-bewegt.ch\/index.php?rest_route=\/wp\/v2\/types\/page"}],"author":[{"embeddable":true,"href":"https:\/\/maenner-bewegt.ch\/index.php?rest_route=\/wp\/v2\/users\/1"}],"replies":[{"embeddable":true,"href":"https:\/\/maenner-bewegt.ch\/index.php?rest_route=%2Fwp%2Fv2%2Fcomments&post=364"}],"version-history":[{"count":2,"href":"https:\/\/maenner-bewegt.ch\/index.php?rest_route=\/wp\/v2\/pages\/364\/revisions"}],"predecessor-version":[{"id":368,"href":"https:\/\/maenner-bewegt.ch\/index.php?rest_route=\/wp\/v2\/pages\/364\/revisions\/368"}],"wp:attachment":[{"href":"https:\/\/maenner-bewegt.ch\/index.php?rest_route=%2Fwp%2Fv2%2Fmedia&parent=364"}],"curies":[{"name":"wp","href":"https:\/\/api.w.org\/{rel}","templated":true}]}}