{"id":225,"date":"2025-04-25T18:20:08","date_gmt":"2025-04-25T18:20:08","guid":{"rendered":"https:\/\/maenner-bewegt.ch\/?page_id=225"},"modified":"2025-04-27T08:05:59","modified_gmt":"2025-04-27T08:05:59","slug":"ist-gott-nur-gut","status":"publish","type":"page","link":"https:\/\/maenner-bewegt.ch\/?page_id=225","title":{"rendered":"Ist Gott nur gut?"},"content":{"rendered":"\n<p style=\"font-size:14px\">Viele Menschen haben M\u00fche Gott als einen liebendenden Gott zu erkennen. Eigene Erfahrungen, Entt\u00e4uschungen, Chaos und Leiden lassen sie nicht die Liebe des Wesen Gottes sehen. <\/p>\n\n\n\n<p style=\"font-size:14px\">Dadurch distanzieren sie sich von Gott, wollen nichts mit ihm zu tun haben oder sehen ihn als lieblosen, ungerechten und willk\u00fcrlichen Gott, welcher die Menschen strafen will und leiden l\u00e4sst.<\/p>\n\n\n\n<figure class=\"wp-block-image size-large is-resized\"><img loading=\"lazy\" decoding=\"async\" width=\"1024\" height=\"577\" src=\"https:\/\/maenner-bewegt.ch\/wp-content\/uploads\/2025\/04\/Katastrophe-1024x577.jpg\" alt=\"\" class=\"wp-image-147\" style=\"width:419px;height:auto\" srcset=\"https:\/\/maenner-bewegt.ch\/wp-content\/uploads\/2025\/04\/Katastrophe-1024x577.jpg 1024w, https:\/\/maenner-bewegt.ch\/wp-content\/uploads\/2025\/04\/Katastrophe-300x169.jpg 300w, https:\/\/maenner-bewegt.ch\/wp-content\/uploads\/2025\/04\/Katastrophe-768x433.jpg 768w, https:\/\/maenner-bewegt.ch\/wp-content\/uploads\/2025\/04\/Katastrophe-1536x866.jpg 1536w, https:\/\/maenner-bewegt.ch\/wp-content\/uploads\/2025\/04\/Katastrophe-2048x1154.jpg 2048w, https:\/\/maenner-bewegt.ch\/wp-content\/uploads\/2025\/04\/Katastrophe-500x282.jpg 500w\" sizes=\"auto, (max-width: 1024px) 100vw, 1024px\" \/><\/figure>\n\n\n\n<p>Sie geben Gott oder dem Teufel die Schuld an dem Chaos oder Leiden in ihrem Leben.<\/p>\n\n\n\n<p>Wir wollen das Thema \u00abist Gott nur gut?\u00bb aus Sicht der Bibel anschauen und versuchen eine Antwort zu finden.<\/p>\n\n\n\n<p>Was macht unser Leben aus? Aus was besteht es? Was ist die Triebfeder des Lebens?<\/p>\n\n\n\n<p>Zum jetzigen Zeitpunkt glaube ich, dass unser Leben von nur zwei Eigenschaften gepr\u00e4gt wird, n\u00e4mlich von Entscheidungen und Konsequenzen. Zu einem Teil aus eigenen Entscheidungen oder durch Entscheide anderer Menschen, die in meinem Leben Konsequenzen nach sich ziehen.Ich verstehe, wenn jemand sagt, dass dies eine radikale Ansicht ist, doch im Moment erkenne ich es so.<\/p>\n\n\n\n<p>Ich m\u00f6chte euch auf eine Reise mitnehmen.<\/p>\n\n\n\n<p>Die erste Entscheidung, die uns Menschen tangiert steht im Epheser 1, 4-5.<\/p>\n\n\n\n<p><strong>\u00ab\u2026wie er uns in ihm (Jesus) auserw\u00e4hlt hat vor Grundlegung der Welt, dass wir heilig und tadellos vor ihm sind in Liebe,und uns vorherbestimmt hat zur Sohnschaft durch Jesus Christus f\u00fcr sich selbst nach dem Wohlgefallen seines Willens, \u2026\u00bb<\/strong><\/p>\n\n\n\n<p>Gott hat uns aus Liebe, vor Grundlegung der Welt durch Jesus erw\u00e4hlt, damit wir in Beziehung mit Gott leben k\u00f6nnen. Es war nicht meine Entscheidung, sondern die Entscheidung Gottes, deren Konsequenz war, dass ich geboren wurde.&nbsp; Es war nicht der Entscheid meiner Eltern, die sich geliebt haben.<\/p>\n\n\n\n<p>Die zweite Entscheidung Gottes war, dass er dem Menschen einen freien Willen gab. Damit jedoch der Mensch sich entscheiden konnte, brauchte es auch ein Gebot, das bei \u00dcberschreitung eine negative Konsequenz nach sich zog.<\/p>\n\n\n\n<p>Dies lesen wir in Genesis 2, 16-17<\/p>\n\n\n\n<p><strong>\u00abUnd der HERR, Gott, gebot dem Menschen und sprach: Von jedem Baum des Gartens darfst du essen;aber vom Baum der Erkenntnis des Guten und B\u00f6sen, davon darfst du nicht essen; denn an dem Tag, da du davon isst, musst du sterben!\u00bb<\/strong><\/p>\n\n\n\n<p>Die Menschen durften in ihrem Lebensraum alles essen und tun, nur von der Frucht eines Baumes durften sie nicht essen. Dies war die Herausforderung ihres freien Willens. Sie konnten frei entscheiden Gott zu vertrauen oder ihren eigenen W\u00fcnschen zu folgen.<\/p>\n\n\n\n<figure class=\"wp-block-image size-full\"><img loading=\"lazy\" decoding=\"async\" width=\"310\" height=\"335\" src=\"https:\/\/maenner-bewegt.ch\/wp-content\/uploads\/2025\/04\/Baum-der-Erkenntnis-1.jpg\" alt=\"\" class=\"wp-image-229\" srcset=\"https:\/\/maenner-bewegt.ch\/wp-content\/uploads\/2025\/04\/Baum-der-Erkenntnis-1.jpg 310w, https:\/\/maenner-bewegt.ch\/wp-content\/uploads\/2025\/04\/Baum-der-Erkenntnis-1-278x300.jpg 278w\" sizes=\"auto, (max-width: 310px) 100vw, 310px\" \/><\/figure>\n\n\n\n<p>Die ersten Menschen, die erschaffen wurden, trafen in ihrer ersten Entscheidung, ihr Leben autonom, also ohne Gott zu gestalten. Die Konsequenz davon war der Bruch der innigen Beziehung zu Gott. Dies dr\u00fcckt sich aus, dass sie aus der heilen Umgebung und Gegenwart Gottes ausziehen mussten. Ihr Leben wurde anstrengend und schmerzhaft. Dies fing mit Schmerzen bei der Geburt an, M\u00fche bei der Arbeit, Krankheiten und schlussendlich der k\u00f6rperliche Tod.<\/p>\n\n\n\n<p>Aber auch das von Alfred Adler, dem \u00f6sterreichischen Psychotherapeuten erkannte Merkmal des Menschen, n\u00e4mlich das Macht- und Geltungsstreben nahm dort ihren Anfang. Dieser Charakterzug bringt bis heute uns\u00e4gliches Leiden in unser Alltagsleben und in die Beziehungen unter den Menschen.<\/p>\n\n\n\n<p>Seit der Mensch sich entschieden hat autonom, ausserhalb Gottes F\u00fchrung zu leben, musste er auch die Verantwortung f\u00fcr seine Entscheide zu tragen.<\/p>\n\n\n\n<p>Doch gerade dies schiebt der Mensch von sich. Er gibt die Schuld Gott, dem Teufel, den Umst\u00e4nden oder den anderen Menschen. Nur nicht sich selbst.<\/p>\n\n\n\n<p>W\u00fcrde der Mensch ehrlich seine Fehler eingestehen, w\u00fcrde er erkennen, dass seine belastende Situation nicht durch einen ungerechten Gott oder den boshaften Teufel hervorgerufen wurde, sondern von schlechten Entscheiden, die er oder andere Menschen gefasst haben.<\/p>\n\n\n\n<p>Dies kann man im Auswerten pers\u00f6nlicher Situationen erkennen bis hin zu Katastrophen in der Umwelt. Alles hat seinen Ursprung in den schlechten Entscheiden der Menschen. Die Konsequenz daraus sieht man am Zerfall der pers\u00f6nlichen Werte oder der Zerst\u00f6rung der Umwelt.<\/p>\n\n\n\n<p>All dies was ich geschrieben habe, zeigt jedoch nicht, dass Gott nur gut ist.<\/p>\n\n\n\n<p>In der Bibel Jakobus 1,17 heisst es<\/p>\n\n\n\n<p><strong>\u00abJede gute Gabe und jedes vollkommene Geschenk kommt von oben herab, von dem Vater der Lichter, bei dem keine Ver\u00e4nderung ist, noch eines Wechsels Schatten.\u00bb<\/strong><\/p>\n\n\n\n<p>Wenn also jede gute und vollkommene Gabe von Gott kommt, kann es nicht sein, dass unvollkommene Gaben von Gott kommen. Denn sonst m\u00fcsste es heissen: \u00abAlle Gaben kommen von Gott\u00bb.<\/p>\n\n\n\n<p>Die unvollkommenen Gaben sind Konsequenzen, entstanden aus schlechten Entscheidungen der Menschen. Unser Leben in Vergangenheit, Gegenwart und Zukunft wird allein gepr\u00e4gt durch menschliche Entscheide, die uns keinen Frieden, Geborgenheit und Sicherheit bringen. Nur Gott kann uns dies durch seine Liebe schenken. Ja er kann sogar aus schlechten Konsequenzen, positives entstehen lassen.<\/p>\n\n\n\n<p>Und nun komme ich zu der ewigen Liebe Gottes. Es heisst in R\u00f6mer 5,8:<\/p>\n\n\n\n<p><strong>\u00abGott aber erweist seine Liebe zu uns darin, dass Christus, als wir noch S\u00fcnder waren, f\u00fcr uns gestorben ist.\u00bb<\/strong><\/p>\n\n\n\n<p>Oder in Johannes 3,16:<\/p>\n\n\n\n<p><strong>\u00abDenn Gott hat die Menschen so sehr geliebt, dass er seinen einzigen Sohn f\u00fcr sie hergab. Jeder, der an ihn glaubt, wird nicht zugrunde gehen, sondern das ewige Leben haben.\u00bb<\/strong><\/p>\n\n\n\n<p>Nun schliesst sich der Kreis. Gott hat zu Beginn der Sch\u00f6pfung dem Menschen einen freien Willen geschenkt. Der wurde mit der Entscheidung gepr\u00fcft, nicht von den Fr\u00fcchten des Baumes der Erkenntnis zu essen. Nun schenkt uns Gott durch freien Willen einen Weg zur\u00fcck in seine Gegenwart zu kommen. Er stellt nicht das Holz eines Baumes in den Raum, sondern das Holz des Kreuzes, an dem sein Sohn Jesus f\u00fcr unseren Ungehorsam und Unglauben gestorben ist.<\/p>\n\n\n\n<figure class=\"wp-block-image size-large is-resized\"><img loading=\"lazy\" decoding=\"async\" width=\"682\" height=\"1024\" src=\"https:\/\/maenner-bewegt.ch\/wp-content\/uploads\/2025\/04\/crosses-8787882_1280-682x1024.jpg\" alt=\"\" class=\"wp-image-157\" style=\"width:237px;height:auto\" srcset=\"https:\/\/maenner-bewegt.ch\/wp-content\/uploads\/2025\/04\/crosses-8787882_1280-682x1024.jpg 682w, https:\/\/maenner-bewegt.ch\/wp-content\/uploads\/2025\/04\/crosses-8787882_1280-200x300.jpg 200w, https:\/\/maenner-bewegt.ch\/wp-content\/uploads\/2025\/04\/crosses-8787882_1280-768x1152.jpg 768w, https:\/\/maenner-bewegt.ch\/wp-content\/uploads\/2025\/04\/crosses-8787882_1280.jpg 853w\" sizes=\"auto, (max-width: 682px) 100vw, 682px\" \/><\/figure>\n\n\n\n<p>Der Mensch steht wieder an dem Punkt sich zu entscheiden, Gott zu vertrauen oder seinen autonomen Weg fortzusetzen. Es wird die letzte freie Entscheidung des Menschen in seinem Leben sein, der sein Leben nach dem Tod pr\u00e4gt. Die Konsequenz ist, dass der Mensch der an den Sohn Gottes, Jesus, glaubt, in ewiger Gemeinschaft \u00fcber den Tod hinaus in Gottes Friedensreich leben wird. Der Mensch, der sich gegen die Liebe Gottes entscheidet, wird in Ewigkeit ausserhalb Gottes Gegenwart und Licht, in Finsternis verbringen und nicht in Frieden, Ruhe und Geborgenheit.<\/p>\n\n\n\n<p>Unsere Entscheidungen haben Konsequenzen.<\/p>\n\n\n\n<p>Wenn jemand zu diesem Thema einen Kommentar schreiben m\u00f6chte, kann er im Forum eine Diskussion er\u00f6ffnen.<br>Es w\u00fcrde mich freuen wenn eine konstruktive Diskussion stattfinden d\u00fcrfte.<\/p>\n","protected":false},"excerpt":{"rendered":"<p>Viele Menschen haben M\u00fche Gott als einen liebendenden Gott zu erkennen. Eigene Erfahrungen, Entt\u00e4uschungen, Chaos und Leiden lassen sie nicht die Liebe des Wesen Gottes sehen. Dadurch distanzieren sie sich von Gott, wollen nichts mit ihm zu tun haben oder &hellip; <a href=\"https:\/\/maenner-bewegt.ch\/?page_id=225\">Weiterlesen <span class=\"meta-nav\">&rarr;<\/span><\/a><\/p>\n","protected":false},"author":1,"featured_media":0,"parent":0,"menu_order":0,"comment_status":"closed","ping_status":"closed","template":"","meta":{"footnotes":""},"class_list":["post-225","page","type-page","status-publish","hentry"],"_links":{"self":[{"href":"https:\/\/maenner-bewegt.ch\/index.php?rest_route=\/wp\/v2\/pages\/225","targetHints":{"allow":["GET"]}}],"collection":[{"href":"https:\/\/maenner-bewegt.ch\/index.php?rest_route=\/wp\/v2\/pages"}],"about":[{"href":"https:\/\/maenner-bewegt.ch\/index.php?rest_route=\/wp\/v2\/types\/page"}],"author":[{"embeddable":true,"href":"https:\/\/maenner-bewegt.ch\/index.php?rest_route=\/wp\/v2\/users\/1"}],"replies":[{"embeddable":true,"href":"https:\/\/maenner-bewegt.ch\/index.php?rest_route=%2Fwp%2Fv2%2Fcomments&post=225"}],"version-history":[{"count":6,"href":"https:\/\/maenner-bewegt.ch\/index.php?rest_route=\/wp\/v2\/pages\/225\/revisions"}],"predecessor-version":[{"id":275,"href":"https:\/\/maenner-bewegt.ch\/index.php?rest_route=\/wp\/v2\/pages\/225\/revisions\/275"}],"wp:attachment":[{"href":"https:\/\/maenner-bewegt.ch\/index.php?rest_route=%2Fwp%2Fv2%2Fmedia&parent=225"}],"curies":[{"name":"wp","href":"https:\/\/api.w.org\/{rel}","templated":true}]}}